{"id":17192,"date":"2025-04-18T11:05:29","date_gmt":"2025-04-18T09:05:29","guid":{"rendered":"https:\/\/kilianamrehn.com\/kontakt\/"},"modified":"2025-04-18T15:08:56","modified_gmt":"2025-04-18T13:08:56","slug":"kontakt","status":"publish","type":"page","link":"https:\/\/kilianamrehn.com\/de\/kontakt\/","title":{"rendered":"Kontakt"},"content":{"rendered":"\t\t<div data-elementor-type=\"wp-page\" data-elementor-id=\"17192\" class=\"elementor elementor-17192 elementor-16260\" data-elementor-post-type=\"page\">\n\t\t\t\t<div class=\"elementor-element elementor-element-b716ced e-flex e-con-boxed e-con e-parent\" data-id=\"b716ced\" data-element_type=\"container\" data-settings=\"{&quot;content_width&quot;:&quot;boxed&quot;}\" data-core-v316-plus=\"true\">\n\t\t\t\t\t<div class=\"e-con-inner\">\n\t\t\t\t\t<\/div>\n\t\t\t\t<\/div>\n\t\t<div class=\"elementor-element elementor-element-947caa9 e-flex e-con-boxed e-con e-parent\" data-id=\"947caa9\" data-element_type=\"container\" data-settings=\"{&quot;content_width&quot;:&quot;boxed&quot;}\" data-core-v316-plus=\"true\">\n\t\t\t\t\t<div class=\"e-con-inner\">\n\t\t\t\t<div class=\"elementor-element elementor-element-4133f51 elementor-widget elementor-widget-qi_addons_for_elementor_contact_form_7\" data-id=\"4133f51\" data-element_type=\"widget\" data-widget_type=\"qi_addons_for_elementor_contact_form_7.default\">\n\t\t\t\t<div class=\"elementor-widget-container\">\n\t\t\t<div class=\"qodef-shortcode qodef-m  qodef-qi-contact-form-7 \">\n\t\n<div class=\"wpcf7 no-js\" id=\"wpcf7-f17183-o1\" lang=\"de-DE\" dir=\"ltr\" data-wpcf7-id=\"17183\">\n<div class=\"screen-reader-response\"><p role=\"status\" aria-live=\"polite\" aria-atomic=\"true\"><\/p> <ul><\/ul><\/div>\n<form action=\"\/de\/wp-json\/wp\/v2\/pages\/17192#wpcf7-f17183-o1\" method=\"post\" class=\"wpcf7-form init\" aria-label=\"Kontaktformular\" novalidate=\"novalidate\" data-status=\"init\">\n<div style=\"display: none;\">\n<input type=\"hidden\" name=\"_wpcf7\" value=\"17183\" \/>\n<input type=\"hidden\" name=\"_wpcf7_version\" value=\"6.0.6\" \/>\n<input type=\"hidden\" name=\"_wpcf7_locale\" value=\"de_DE\" \/>\n<input type=\"hidden\" name=\"_wpcf7_unit_tag\" value=\"wpcf7-f17183-o1\" \/>\n<input type=\"hidden\" name=\"_wpcf7_container_post\" value=\"0\" \/>\n<input type=\"hidden\" name=\"_wpcf7_posted_data_hash\" value=\"\" \/>\n<\/div>\n<div class=\"form-section\">\n  <h3>Worum geht\u2019s bei dir? Ich h\u00f6re erst mal zu.<\/h3>\n\n  <div class=\"form-row\">\n    <div class=\"form-group form-col\">\n      <label>Wer bist du bzw. wof\u00fcr brauchst du die Bilder? (Mehrfachauswahl m\u00f6glich)<\/label>\n      <span class=\"wpcf7-form-control-wrap\" data-name=\"purpose\"><span class=\"wpcf7-form-control wpcf7-checkbox wpcf7-validates-as-required styled-checkboxes\"><span class=\"wpcf7-list-item first\"><label><input type=\"checkbox\" name=\"purpose[]\" value=\"Ich habe eine Brand \/ bin f\u00fcr eine Brand verantwortlich\" \/><span class=\"wpcf7-list-item-label\">Ich habe eine Brand \/ bin f\u00fcr eine Brand verantwortlich<\/span><\/label><\/span><span class=\"wpcf7-list-item\"><label><input type=\"checkbox\" name=\"purpose[]\" value=\"Ich bin K\u00fcnstler:in \/ Creator:in \/ Musiker:in \/ Schauspieler:in\" \/><span class=\"wpcf7-list-item-label\">Ich bin K\u00fcnstler:in \/ Creator:in \/ Musiker:in \/ Schauspieler:in<\/span><\/label><\/span><span class=\"wpcf7-list-item\"><label><input type=\"checkbox\" name=\"purpose[]\" value=\"Ich bin Designer:in oder Art Director\" \/><span class=\"wpcf7-list-item-label\">Ich bin Designer:in oder Art Director<\/span><\/label><\/span><span class=\"wpcf7-list-item\"><label><input type=\"checkbox\" name=\"purpose[]\" value=\"Ich brauche k\u00fcnstlerische Portr\u00e4ts\" \/><span class=\"wpcf7-list-item-label\">Ich brauche k\u00fcnstlerische Portr\u00e4ts<\/span><\/label><\/span><span class=\"wpcf7-list-item\"><label><input type=\"checkbox\" name=\"purpose[]\" value=\"Ich plane ein Projekt oder Event\" \/><span class=\"wpcf7-list-item-label\">Ich plane ein Projekt oder Event<\/span><\/label><\/span><span class=\"wpcf7-list-item\"><label><input type=\"checkbox\" name=\"purpose[]\" value=\"Ich bin einfach neugierig\" \/><span class=\"wpcf7-list-item-label\">Ich bin einfach neugierig<\/span><\/label><\/span><span class=\"wpcf7-list-item last\"><label><input type=\"checkbox\" name=\"purpose[]\" value=\"Sonstiges (bitte beschreiben)\" \/><span class=\"wpcf7-list-item-label\">Sonstiges (bitte beschreiben)<\/span><\/label><\/span><\/span><\/span><span id=\"wpcf7-69d8b1227c5ee-wrapper\" class=\"wpcf7-form-control-wrap datum-617-wrap\" ><label for=\"wpcf7-69d8b1227c5ee-field\" class=\"hp-message\">Bitte lasse dieses Feld leer.<\/label><input id=\"wpcf7-69d8b1227c5ee-field\"  placeholder=\"kontakt\"  class=\"wpcf7-form-control wpcf7-text\" type=\"text\" name=\"datum-617\" value=\"\" size=\"40\" tabindex=\"-1\" autocomplete=\"new-password\" \/><\/span>\n    <\/div>\n\n    <div class=\"form-group form-col\">\n      <label>Wof\u00fcr sind die Bilder gedacht? (Mehrfachauswahl m\u00f6glich)<\/label>\n      <span class=\"wpcf7-form-control-wrap\" data-name=\"usage\"><span class=\"wpcf7-form-control wpcf7-checkbox wpcf7-validates-as-required styled-checkboxes\"><span class=\"wpcf7-list-item first\"><label><input type=\"checkbox\" name=\"usage[]\" value=\"Kampagne \/ Werbung\" \/><span class=\"wpcf7-list-item-label\">Kampagne \/ Werbung<\/span><\/label><\/span><span class=\"wpcf7-list-item\"><label><input type=\"checkbox\" name=\"usage[]\" value=\"Editorial (z.\u202fB. Magazin-\u00c4sthetik, inszenierte Strecken)\" \/><span class=\"wpcf7-list-item-label\">Editorial (z.\u202fB. Magazin-\u00c4sthetik, inszenierte Strecken)<\/span><\/label><\/span><span class=\"wpcf7-list-item\"><label><input type=\"checkbox\" name=\"usage[]\" value=\"Website \/ Social Media\" \/><span class=\"wpcf7-list-item-label\">Website \/ Social Media<\/span><\/label><\/span><span class=\"wpcf7-list-item\"><label><input type=\"checkbox\" name=\"usage[]\" value=\"Portfolio\" \/><span class=\"wpcf7-list-item-label\">Portfolio<\/span><\/label><\/span><span class=\"wpcf7-list-item\"><label><input type=\"checkbox\" name=\"usage[]\" value=\"Presse (z.\u202fB. dokumentarische Einblicke, Behind-the-Scenes)\" \/><span class=\"wpcf7-list-item-label\">Presse (z.\u202fB. dokumentarische Einblicke, Behind-the-Scenes)<\/span><\/label><\/span><span class=\"wpcf7-list-item last\"><label><input type=\"checkbox\" name=\"usage[]\" value=\"Ich wei\u00df es noch nicht genau\" \/><span class=\"wpcf7-list-item-label\">Ich wei\u00df es noch nicht genau<\/span><\/label><\/span><\/span><\/span>\n    <\/div>\n  <\/div>\n<br>\n  <div class=\"form-row\">\n    <div class=\"form-group form-col\">\n      <label>Was sollen die Bilder transportieren? (optional)<\/label>\n      <span class=\"wpcf7-form-control-wrap\" data-name=\"message-feeling\"><textarea cols=\"40\" rows=\"3\" maxlength=\"2000\" class=\"wpcf7-form-control wpcf7-textarea\" aria-invalid=\"false\" name=\"message-feeling\"><\/textarea><\/span>\n    <\/div>\n\n    <div class=\"form-group form-col\">\n      <label>Wo sollen die Bilder entstehen? (optional)<\/label>\n      <span class=\"wpcf7-form-control-wrap\" data-name=\"location\"><textarea cols=\"40\" rows=\"3\" maxlength=\"2000\" class=\"wpcf7-form-control wpcf7-textarea\" aria-invalid=\"false\" name=\"location\"><\/textarea><\/span>\n    <\/div>\n  <\/div>\n\n  <div class=\"form-row with-spacing\">\n    <div class=\"form-col\">\n      <label>Name<\/label>\n      <span class=\"wpcf7-form-control-wrap\" data-name=\"your-name\"><input size=\"40\" maxlength=\"400\" class=\"wpcf7-form-control wpcf7-text wpcf7-validates-as-required\" aria-required=\"true\" aria-invalid=\"false\" value=\"\" type=\"text\" name=\"your-name\" \/><\/span>\n    <\/div>\n    <div class=\"form-col\">\n      <label>Deine E-Mail-Adresse<\/label>\n      <span class=\"wpcf7-form-control-wrap\" data-name=\"your-email\"><input size=\"40\" maxlength=\"400\" class=\"wpcf7-form-control wpcf7-email wpcf7-validates-as-required wpcf7-text wpcf7-validates-as-email\" aria-required=\"true\" aria-invalid=\"false\" value=\"\" type=\"email\" name=\"your-email\" \/><\/span>\n    <\/div>\n  <\/div>\n\n  <div class=\"form-group\">\n    <label>M\u00f6chtest du noch etwas loswerden? (optional)<\/label>\n    <span class=\"wpcf7-form-control-wrap\" data-name=\"additional-message\"><textarea cols=\"40\" rows=\"3\" maxlength=\"2000\" class=\"wpcf7-form-control wpcf7-textarea\" aria-invalid=\"false\" name=\"additional-message\"><\/textarea><\/span>\n  <\/div>\n<br><br>\n  <span class=\"wpcf7-form-control-wrap\" data-name=\"acceptance-217\"><span class=\"wpcf7-form-control wpcf7-acceptance\"><span class=\"wpcf7-list-item\"><label><input type=\"checkbox\" name=\"acceptance-217\" value=\"1\" aria-invalid=\"false\" \/><span class=\"wpcf7-list-item-label\">Ich akzeptiere die <a href=\"\/datenschutz\" target=\"_blank\" style=\"text-decoration: underline;\">Datenschutzerkl\u00e4rung<\/a>.<\/span><\/label><\/span><\/span><\/span>\n<br>\n  <div class=\"form-submit\">\n    <button class=\"wpcf7-form-control wpcf7-submit qodef-button qodef-size--normal qodef-layout--textual qodef-html--link qodef-button-circle qodef-m\" type=\"submit\"><span class=\"qodef-m-text\">Los geht\u2019s<svg class=\"qodef-svg--arrow-right\" xmlns=\"http:\/\/www.w3.org\/2000\/svg\" width=\"9.992\" height=\"15.194\" viewBox=\"0 0 9.992 15.194\"><g transform=\"translate(-1000.356 -1933.896)\"><g transform=\"translate(1000.412 1933.896)\"><path d=\"M10.816,7.6C2.983,6.029.9,0,.9,0S.189,3.983,3.134,6.291a4.985,4.985,0,0,0,2.344.969\" transform=\"translate(-0.881)\" fill=\"currentColor\"\/><\/g><g transform=\"translate(1000.412 1941.493)\"><path d=\"M10.816,0C2.983,1.568.9,7.6.9,7.6S.283,3.565,3.227,1.257A4.948,4.948,0,0,1,5.509.476\" transform=\"translate(-0.881)\" fill=\"currentColor\"\/><\/g><\/g><\/svg><\/span><svg class=\"qodef-svg--button-circle\" xmlns=\"http:\/\/www.w3.org\/2000\/svg\" xmlns:xlink=\"http:\/\/www.w3.org\/1999\/xlink\" x=\"0px\" y=\"0px\" viewBox=\"0 0 191.3 48.8\" style=\"enable-background:new 0 0 191.3 48.8;\" xml:space=\"preserve\"><path d=\"M67.3,48.3c0,0,123-4.8,123.5-25.6S95.2,0.5,95.2,0.5S0.5,3.1,0.5,22.6s102.2,20,102.2,20\"\/><path d=\"M67.3,48.3c0,0,123-4.8,123.5-25.6S95.2,0.5,95.2,0.5S0.5,3.1,0.5,22.6s102.2,20,102.2,20\"\/><\/svg><\/button>\n  <\/div>\n<\/div><div class=\"wpcf7-response-output\" aria-hidden=\"true\"><\/div>\n<\/form>\n<\/div>\n<\/div>\n\t\t<\/div>\n\t\t\t\t<\/div>\n\t\t\t\t\t<\/div>\n\t\t\t\t<\/div>\n\t\t\t\t<\/div>\n\t\t","protected":false},"excerpt":{"rendered":"<p>Worum geht\u2019s bei dir? Ich h\u00f6re erst mal zu. Wer bist du bzw. wof\u00fcr brauchst du die Bilder? (Mehrfachauswahl m\u00f6glich) Ich habe eine Brand \/ bin f\u00fcr eine Brand verantwortlichIch bin K\u00fcnstler:in \/ Creator:in \/ Musiker:in \/ Schauspieler:inIch bin Designer:in oder Art DirectorIch brauche k\u00fcnstlerische Portr\u00e4tsIch plane ein Projekt oder EventIch bin einfach neugierigSonstiges (bitte [&hellip;]<\/p>\n","protected":false},"author":1,"featured_media":0,"parent":0,"menu_order":0,"comment_status":"closed","ping_status":"closed","template":"page-full-width.php","meta":{"footnotes":""},"class_list":["post-17192","page","type-page","status-publish","hentry"],"yoast_head":"<!-- This site is optimized with the Yoast SEO plugin v22.3 - https:\/\/yoast.com\/wordpress\/plugins\/seo\/ -->\n<title>Kontakt - Kilian Amrehn Fotografie<\/title>\n<meta name=\"description\" content=\"\u00dcber den Fotografen Kilian Amrehn und seine Arbeit f\u00fcr verschiedene Kunden, kommerzielle Fotografie, aber auch dokumentarische Arbeiten.\" \/>\n<meta name=\"robots\" content=\"index, follow, max-snippet:-1, max-image-preview:large, max-video-preview:-1\" \/>\n<link rel=\"canonical\" href=\"https:\/\/kilianamrehn.com\/de\/kontakt\/\" \/>\n<meta property=\"og:locale\" content=\"de_DE\" \/>\n<meta property=\"og:type\" content=\"article\" \/>\n<meta property=\"og:title\" content=\"Kontakt - Kilian Amrehn Fotografie\" \/>\n<meta property=\"og:description\" content=\"\u00dcber den Fotografen Kilian Amrehn und seine Arbeit f\u00fcr verschiedene Kunden, kommerzielle Fotografie, aber auch dokumentarische Arbeiten.\" \/>\n<meta property=\"og:url\" content=\"https:\/\/kilianamrehn.com\/de\/kontakt\/\" \/>\n<meta property=\"og:site_name\" content=\"Kilian Amrehn Fotografie\" \/>\n<meta property=\"article:modified_time\" content=\"2025-04-18T13:08:56+00:00\" \/>\n<meta name=\"twitter:card\" content=\"summary_large_image\" \/>\n<meta name=\"twitter:label1\" content=\"Gesch\u00e4tzte Lesezeit\" \/>\n\t<meta name=\"twitter:data1\" content=\"1\u00a0Minute\" \/>\n<script type=\"application\/ld+json\" class=\"yoast-schema-graph\">{\"@context\":\"https:\/\/schema.org\",\"@graph\":[{\"@type\":\"WebPage\",\"@id\":\"https:\/\/kilianamrehn.com\/de\/kontakt\/\",\"url\":\"https:\/\/kilianamrehn.com\/de\/kontakt\/\",\"name\":\"Kontakt - Kilian Amrehn Fotografie\",\"isPartOf\":{\"@id\":\"https:\/\/kilianamrehn.com\/de\/#website\"},\"datePublished\":\"2025-04-18T09:05:29+00:00\",\"dateModified\":\"2025-04-18T13:08:56+00:00\",\"description\":\"\u00dcber den Fotografen Kilian Amrehn und seine Arbeit f\u00fcr verschiedene Kunden, kommerzielle Fotografie, aber auch dokumentarische Arbeiten.\",\"breadcrumb\":{\"@id\":\"https:\/\/kilianamrehn.com\/de\/kontakt\/#breadcrumb\"},\"inLanguage\":\"de\",\"potentialAction\":[{\"@type\":\"ReadAction\",\"target\":[\"https:\/\/kilianamrehn.com\/de\/kontakt\/\"]}]},{\"@type\":\"BreadcrumbList\",\"@id\":\"https:\/\/kilianamrehn.com\/de\/kontakt\/#breadcrumb\",\"itemListElement\":[{\"@type\":\"ListItem\",\"position\":1,\"name\":\"Startseite\",\"item\":\"https:\/\/kilianamrehn.com\/de\/\"},{\"@type\":\"ListItem\",\"position\":2,\"name\":\"Kontakt\"}]},{\"@type\":\"WebSite\",\"@id\":\"https:\/\/kilianamrehn.com\/de\/#website\",\"url\":\"https:\/\/kilianamrehn.com\/de\/\",\"name\":\"Kilian Amrehn Fotografie\",\"description\":\"\",\"publisher\":{\"@id\":\"https:\/\/kilianamrehn.com\/de\/#organization\"},\"potentialAction\":[{\"@type\":\"SearchAction\",\"target\":{\"@type\":\"EntryPoint\",\"urlTemplate\":\"https:\/\/kilianamrehn.com\/de\/?s={search_term_string}\"},\"query-input\":\"required name=search_term_string\"}],\"inLanguage\":\"de\"},{\"@type\":\"Organization\",\"@id\":\"https:\/\/kilianamrehn.com\/de\/#organization\",\"name\":\"Kilian Amrehn Fotografie\",\"url\":\"https:\/\/kilianamrehn.com\/de\/\",\"logo\":{\"@type\":\"ImageObject\",\"inLanguage\":\"de\",\"@id\":\"https:\/\/kilianamrehn.com\/de\/#\/schema\/logo\/image\/\",\"url\":\"https:\/\/kilianamrehn.com\/wp-content\/uploads\/2024\/01\/2022-12-xx_KilianAmrehnLogo_KILIANv1-1-e1709754872541.png\",\"contentUrl\":\"https:\/\/kilianamrehn.com\/wp-content\/uploads\/2024\/01\/2022-12-xx_KilianAmrehnLogo_KILIANv1-1-e1709754872541.png\",\"width\":762,\"height\":176,\"caption\":\"Kilian Amrehn Fotografie\"},\"image\":{\"@id\":\"https:\/\/kilianamrehn.com\/de\/#\/schema\/logo\/image\/\"},\"sameAs\":[\"https:\/\/www.instagram.com\/casual_kilian\"]}]}<\/script>\n<!-- \/ Yoast SEO plugin. -->","yoast_head_json":{"title":"Kontakt - Kilian Amrehn Fotografie","description":"\u00dcber den Fotografen Kilian Amrehn und seine Arbeit f\u00fcr verschiedene Kunden, kommerzielle Fotografie, aber auch dokumentarische Arbeiten.","robots":{"index":"index","follow":"follow","max-snippet":"max-snippet:-1","max-image-preview":"max-image-preview:large","max-video-preview":"max-video-preview:-1"},"canonical":"https:\/\/kilianamrehn.com\/de\/kontakt\/","og_locale":"de_DE","og_type":"article","og_title":"Kontakt - Kilian Amrehn Fotografie","og_description":"\u00dcber den Fotografen Kilian Amrehn und seine Arbeit f\u00fcr verschiedene Kunden, kommerzielle Fotografie, aber auch dokumentarische Arbeiten.","og_url":"https:\/\/kilianamrehn.com\/de\/kontakt\/","og_site_name":"Kilian Amrehn Fotografie","article_modified_time":"2025-04-18T13:08:56+00:00","twitter_card":"summary_large_image","twitter_misc":{"Gesch\u00e4tzte Lesezeit":"1\u00a0Minute"},"schema":{"@context":"https:\/\/schema.org","@graph":[{"@type":"WebPage","@id":"https:\/\/kilianamrehn.com\/de\/kontakt\/","url":"https:\/\/kilianamrehn.com\/de\/kontakt\/","name":"Kontakt - Kilian Amrehn Fotografie","isPartOf":{"@id":"https:\/\/kilianamrehn.com\/de\/#website"},"datePublished":"2025-04-18T09:05:29+00:00","dateModified":"2025-04-18T13:08:56+00:00","description":"\u00dcber den Fotografen Kilian Amrehn und seine Arbeit f\u00fcr verschiedene Kunden, kommerzielle Fotografie, aber auch dokumentarische Arbeiten.","breadcrumb":{"@id":"https:\/\/kilianamrehn.com\/de\/kontakt\/#breadcrumb"},"inLanguage":"de","potentialAction":[{"@type":"ReadAction","target":["https:\/\/kilianamrehn.com\/de\/kontakt\/"]}]},{"@type":"BreadcrumbList","@id":"https:\/\/kilianamrehn.com\/de\/kontakt\/#breadcrumb","itemListElement":[{"@type":"ListItem","position":1,"name":"Startseite","item":"https:\/\/kilianamrehn.com\/de\/"},{"@type":"ListItem","position":2,"name":"Kontakt"}]},{"@type":"WebSite","@id":"https:\/\/kilianamrehn.com\/de\/#website","url":"https:\/\/kilianamrehn.com\/de\/","name":"Kilian Amrehn Fotografie","description":"","publisher":{"@id":"https:\/\/kilianamrehn.com\/de\/#organization"},"potentialAction":[{"@type":"SearchAction","target":{"@type":"EntryPoint","urlTemplate":"https:\/\/kilianamrehn.com\/de\/?s={search_term_string}"},"query-input":"required name=search_term_string"}],"inLanguage":"de"},{"@type":"Organization","@id":"https:\/\/kilianamrehn.com\/de\/#organization","name":"Kilian Amrehn Fotografie","url":"https:\/\/kilianamrehn.com\/de\/","logo":{"@type":"ImageObject","inLanguage":"de","@id":"https:\/\/kilianamrehn.com\/de\/#\/schema\/logo\/image\/","url":"https:\/\/kilianamrehn.com\/wp-content\/uploads\/2024\/01\/2022-12-xx_KilianAmrehnLogo_KILIANv1-1-e1709754872541.png","contentUrl":"https:\/\/kilianamrehn.com\/wp-content\/uploads\/2024\/01\/2022-12-xx_KilianAmrehnLogo_KILIANv1-1-e1709754872541.png","width":762,"height":176,"caption":"Kilian Amrehn Fotografie"},"image":{"@id":"https:\/\/kilianamrehn.com\/de\/#\/schema\/logo\/image\/"},"sameAs":["https:\/\/www.instagram.com\/casual_kilian"]}]}},"_links":{"self":[{"href":"https:\/\/kilianamrehn.com\/de\/wp-json\/wp\/v2\/pages\/17192","targetHints":{"allow":["GET"]}}],"collection":[{"href":"https:\/\/kilianamrehn.com\/de\/wp-json\/wp\/v2\/pages"}],"about":[{"href":"https:\/\/kilianamrehn.com\/de\/wp-json\/wp\/v2\/types\/page"}],"author":[{"embeddable":true,"href":"https:\/\/kilianamrehn.com\/de\/wp-json\/wp\/v2\/users\/1"}],"replies":[{"embeddable":true,"href":"https:\/\/kilianamrehn.com\/de\/wp-json\/wp\/v2\/comments?post=17192"}],"version-history":[{"count":4,"href":"https:\/\/kilianamrehn.com\/de\/wp-json\/wp\/v2\/pages\/17192\/revisions"}],"predecessor-version":[{"id":17196,"href":"https:\/\/kilianamrehn.com\/de\/wp-json\/wp\/v2\/pages\/17192\/revisions\/17196"}],"wp:attachment":[{"href":"https:\/\/kilianamrehn.com\/de\/wp-json\/wp\/v2\/media?parent=17192"}],"curies":[{"name":"wp","href":"https:\/\/api.w.org\/{rel}","templated":true}]}}